{"id":6048,"date":"2019-11-17T20:17:11","date_gmt":"2019-11-17T19:17:11","guid":{"rendered":"http:\/\/www.fs2.rwth-aachen.de\/?page_id=6048"},"modified":"2019-11-17T20:17:11","modified_gmt":"2019-11-17T19:17:11","slug":"job-anleitung","status":"publish","type":"page","link":"https:\/\/fachschaft.arch.rwth-aachen.de\/?page_id=6048","title":{"rendered":"Anleitung"},"content":{"rendered":"<p><div class=\"fusion-fullwidth fullwidth-box fusion-builder-row-1 fusion-flex-container nonhundred-percent-fullwidth non-hundred-percent-height-scrolling\" style=\"--awb-border-radius-top-left:0px;--awb-border-radius-top-right:0px;--awb-border-radius-bottom-right:0px;--awb-border-radius-bottom-left:0px;--awb-padding-top:40px;--awb-padding-bottom:60px;--awb-flex-wrap:wrap;\" ><div class=\"fusion-builder-row fusion-row fusion-flex-align-items-flex-start fusion-flex-content-wrap\" style=\"max-width:calc( 1200px + 0px );margin-left: calc(-0px \/ 2 );margin-right: calc(-0px \/ 2 );\"><div class=\"fusion-layout-column fusion_builder_column fusion-builder-column-0 fusion_builder_column_1_1 1_1 fusion-flex-column\" style=\"--awb-bg-size:cover;--awb-width-large:100%;--awb-margin-top-large:0px;--awb-spacing-right-large:0px;--awb-margin-bottom-large:20px;--awb-spacing-left-large:0px;--awb-width-medium:100%;--awb-spacing-right-medium:0px;--awb-spacing-left-medium:0px;--awb-width-small:100%;--awb-spacing-right-small:0px;--awb-spacing-left-small:0px;\"><div class=\"fusion-column-wrapper fusion-flex-justify-content-flex-start fusion-content-layout-column\"><div class=\"fusion-title title fusion-title-1 fusion-sep-none fusion-title-center fusion-title-text fusion-title-size-two\"><h2 class=\"fusion-title-heading title-heading-center\" style=\"margin:0;\">Stellenanzeige erstellen leicht gemacht<\/h2><\/div><div class=\"fusion-text fusion-text-1\"><p style=\"text-align: center;\">Unten steht Ihnen eine chronologische Anleitung zum Erstellen einer Stellenanzeige auf unser Hompage zur Verf\u00fcgung. Ihre Anzeige bleibt bei uns 90 Tage aktiv, bevor Sie sich selbstst\u00e4ndig entfernt. Sollten Probleme oder Fragen auftreten, stehen wir Ihnen selbstverst\u00e4ndlich f\u00fcr eine L\u00f6sung zur Verf\u00fcgung.<\/p>\n<\/div><\/div><\/div><\/div><\/div><div class=\"fusion-fullwidth fullwidth-box fusion-builder-row-2 fusion-flex-container hundred-percent-fullwidth non-hundred-percent-height-scrolling\" style=\"--awb-border-radius-top-left:0px;--awb-border-radius-top-right:0px;--awb-border-radius-bottom-right:0px;--awb-border-radius-bottom-left:0px;--awb-padding-right:0px;--awb-padding-left:0px;--awb-flex-wrap:wrap;\" ><div class=\"fusion-builder-row fusion-row fusion-flex-align-items-stretch fusion-flex-content-wrap\" style=\"width:104% !important;max-width:104% !important;margin-left: calc(-4% \/ 2 );margin-right: calc(-4% \/ 2 );\"><div class=\"fusion-layout-column fusion_builder_column fusion-builder-column-1 fusion_builder_column_3_4 3_4 fusion-flex-column\" style=\"--awb-padding-top:100px;--awb-padding-right:89px;--awb-padding-bottom:70px;--awb-padding-left:93px;--awb-bg-color:#f7f7f7;--awb-bg-color-hover:#f7f7f7;--awb-bg-blend:overlay;--awb-bg-size:cover;--awb-width-large:75%;--awb-margin-top-large:0px;--awb-spacing-right-large:0px;--awb-margin-bottom-large:0px;--awb-spacing-left-large:2.56%;--awb-width-medium:75%;--awb-spacing-right-medium:0px;--awb-spacing-left-medium:2.56%;--awb-width-small:100%;--awb-spacing-right-small:1.92%;--awb-spacing-left-small:1.92%;\"><div class=\"fusion-column-wrapper fusion-column-has-shadow fusion-flex-justify-content-flex-start fusion-content-layout-column\"><div class=\"fusion-content-boxes content-boxes columns row fusion-columns-1 fusion-columns-total-5 fusion-content-boxes-1 content-boxes-timeline-vertical content-left content-boxes-timeline-layout content-boxes-icon-with-title fusion-delayed-animation\" style=\"--awb-margin-top:0px;--awb-margin-bottom:0px;--awb-hover-accent-color:#444444;--awb-circle-hover-accent-color:#444444;--awb-item-margin-bottom:40px;\" data-animation-delay=\"350\" data-animationOffset=\"top-into-view\"><div style=\"--awb-backgroundcolor:rgba(255,255,255,0);--awb-content-padding-left:82px;\" class=\"fusion-column content-box-column content-box-column content-box-column-1 col-lg-12 col-md-12 col-sm-12 fusion-content-box-hover content-box-column-last-in-row\"><div class=\"col content-box-wrapper content-wrapper link-area-link-icon content-icon-wrapper-yes icon-hover-animation-fade fusion-animated\" data-animationType=\"fadeIn\" data-animationDuration=\"0.25\" data-animationOffset=\"top-into-view\"><div class=\"heading heading-with-icon icon-left\" style=\"margin-top:20px;\"><div class=\"icon\" style=\"margin-top:-20px;margin-bottom:-20px;-webkit-animation-duration: 350ms;animation-duration: 350ms;\"><span style=\"height:54px;width:54px;line-height:28px;border-color:#a0ce4e;border-width:4px;border-style:solid;background-color:#212934;margin-right:20px;box-sizing:content-box;border-radius:50%;\"><i style=\"border-color:#212934;border-width:1px;background-color:#212934;box-sizing:content-box;height:52px;width:52px;line-height:52px;border-radius:50%;position:relative;top:auto;left:auto;margin:0;border-radius:50%;font-size:26px;\" aria-hidden=\"true\" class=\"fontawesome-icon fa-angle-down fas circle-yes\"><\/i><\/span><\/div><h2 class=\"content-box-heading\" style=\"--h2_typography-font-size:22px;line-height:27px;\">Account anlegen<\/h2><\/div><div class=\"fusion-clearfix\"><\/div><div class=\"content-container\">\n<p><span style=\"color: #a0ce4e;\"><strong>Schritt 1<\/strong><\/span><br \/>Zun\u00e4chst legen Sie sich einen Account auf unserer Seite an, um Ihre Stellenanzeigen erstellen und bearbeiten zu k\u00f6nnen.<br \/>\u00dcber den Button &#8222;Account anlegen&#8220; gelangen Sie zur Ansicht &#8222;Registrierung \/ Login&#8220;.<br \/>Dort bitte alle n\u00f6tigen Daten wie Name des B\u00fcros \/ Unternehmens, E-Mail etc. angeben.<\/p>\n<div ><a class=\"fusion-button button-flat fusion-button-default-size button-default fusion-button-default button-1 fusion-button-default-span fusion-button-default-type\" target=\"_blank\" rel=\"noopener noreferrer\" href=\"http:\/\/www.fs2.rwth-aachen.de\/wp-login.php?action=register\"><span class=\"fusion-button-text awb-button__text awb-button__text--default\">Account anlegen<\/span><\/a><\/div>\n<\/div><div class=\"content-box-shortcode-timeline-vertical\" style=\"border-color:#a0ce4e;left:46px;top:31px;-webkit-transition-duration: 350ms;animation-duration: 350ms;\"><\/div><\/div><\/div><div style=\"--awb-backgroundcolor:rgba(255,255,255,0);--awb-content-padding-left:82px;\" class=\"fusion-column content-box-column content-box-column content-box-column-2 col-lg-12 col-md-12 col-sm-12 fusion-content-box-hover content-box-column-last-in-row\"><div class=\"col content-box-wrapper content-wrapper link-area-link-icon content-icon-wrapper-yes icon-hover-animation-fade fusion-animated\" data-animationType=\"fadeIn\" data-animationDuration=\"0.25\" data-animationOffset=\"top-into-view\"><div class=\"heading heading-with-icon icon-left\" style=\"margin-top:20px;\"><div class=\"icon\" style=\"margin-top:-20px;margin-bottom:-20px;-webkit-animation-duration: 350ms;animation-duration: 350ms;\"><span style=\"height:54px;width:54px;line-height:28px;border-color:#a0ce4e;border-width:4px;border-style:solid;background-color:#212934;margin-right:20px;box-sizing:content-box;border-radius:50%;\"><i style=\"border-color:#212934;border-width:1px;background-color:#212934;box-sizing:content-box;height:52px;width:52px;line-height:52px;border-radius:50%;position:relative;top:auto;left:auto;margin:0;border-radius:50%;font-size:26px;\" aria-hidden=\"true\" class=\"fontawesome-icon fa-angle-down fas circle-yes\"><\/i><\/span><\/div><h2 class=\"content-box-heading\" style=\"--h2_typography-font-size:22px;line-height:27px;\">Dashboard einrichten<\/h2><\/div><div class=\"fusion-clearfix\"><\/div><div class=\"content-container\">\n<p><span style=\"color: #a0ce4e;\"><strong>Schritt 2<\/strong><\/span><br \/>Nach der erfolgreichen Registrierung erhalten Sie eine Mail mit Ihren Registrierungsdaten. Anschlie\u00dfend k\u00f6nnen Sie sich auf unserer Webite einloggen und pers\u00f6nliche Informationen wie E-Mail und Name bearbeiten.<\/p>\n<\/div><div class=\"content-box-shortcode-timeline-vertical\" style=\"border-color:#a0ce4e;left:46px;top:31px;-webkit-transition-duration: 350ms;animation-duration: 350ms;\"><\/div><\/div><\/div><div style=\"--awb-backgroundcolor:rgba(255,255,255,0);--awb-content-padding-left:82px;\" class=\"fusion-column content-box-column content-box-column content-box-column-3 col-lg-12 col-md-12 col-sm-12 fusion-content-box-hover content-box-column-last-in-row\"><div class=\"col content-box-wrapper content-wrapper link-area-link-icon content-icon-wrapper-yes icon-hover-animation-fade fusion-animated\" data-animationType=\"fadeIn\" data-animationDuration=\"0.25\" data-animationOffset=\"top-into-view\"><div class=\"heading heading-with-icon icon-left\" style=\"margin-top:20px;\"><div class=\"icon\" style=\"margin-top:-20px;margin-bottom:-20px;-webkit-animation-duration: 350ms;animation-duration: 350ms;\"><span style=\"height:54px;width:54px;line-height:28px;border-color:#a0ce4e;border-width:4px;border-style:solid;background-color:#212934;margin-right:20px;box-sizing:content-box;border-radius:50%;\"><i style=\"border-color:#212934;border-width:1px;background-color:#212934;box-sizing:content-box;height:52px;width:52px;line-height:52px;border-radius:50%;position:relative;top:auto;left:auto;margin:0;border-radius:50%;font-size:26px;\" aria-hidden=\"true\" class=\"fontawesome-icon fa-hdd fas circle-yes\"><\/i><\/span><\/div><h2 class=\"content-box-heading\" style=\"--h2_typography-font-size:22px;line-height:27px;\">Stellenanzeige erstellen<\/h2><\/div><div class=\"fusion-clearfix\"><\/div><div class=\"content-container\">\n<p><span style=\"color: #a0ce4e;\"><strong>Schritt 3<\/strong><\/span><br \/>\nDa Sie nun einen Zugang zu unserer Seite angelegt haben, k\u00f6nnen Sie eine Stellenanzeige erstellen. Um diese zu erstellen, navigieren Sie auf unserer Website zu &#8222;Praktika &amp; Jobs&#8220; und klicken Sie anschlie\u00dfend auf den Button &#8222;<a href=\"http:\/\/www.fs2.rwth-aachen.de\/?page_id=5457\">Erstellen<\/a>&#8222;.  Wenn Sie bereits auf unserer Seite mit Ihren Benutzerdaten angemeldet sind, k\u00f6nnen Sie mit dem Erstellen der Anzeige fortfahren. Falls nicht, k\u00f6nnen Sie auf der Seite &#8222;Anleitung&#8220; in der obersten Zeile des Formulars &#8222;Anmelden&#8220; w\u00e4hlen.<\/p>\n<\/div><div class=\"content-box-shortcode-timeline-vertical\" style=\"border-color:#a0ce4e;left:46px;top:31px;-webkit-transition-duration: 350ms;animation-duration: 350ms;\"><\/div><\/div><\/div><div style=\"--awb-backgroundcolor:rgba(255,255,255,0);--awb-content-padding-left:82px;\" class=\"fusion-column content-box-column content-box-column content-box-column-4 col-lg-12 col-md-12 col-sm-12 fusion-content-box-hover content-box-column-last-in-row\"><div class=\"col content-box-wrapper content-wrapper link-area-link-icon content-icon-wrapper-yes icon-hover-animation-fade fusion-animated\" data-animationType=\"fadeIn\" data-animationDuration=\"0.25\" data-animationOffset=\"top-into-view\"><div class=\"heading heading-with-icon icon-left\" style=\"margin-top:20px;\"><div class=\"icon\" style=\"margin-top:-20px;margin-bottom:-20px;-webkit-animation-duration: 350ms;animation-duration: 350ms;\"><span style=\"height:54px;width:54px;line-height:28px;border-color:#a0ce4e;border-width:4px;border-style:solid;background-color:#212934;margin-right:20px;box-sizing:content-box;border-radius:50%;\"><i style=\"border-color:#212934;border-width:1px;background-color:#212934;box-sizing:content-box;height:52px;width:52px;line-height:52px;border-radius:50%;position:relative;top:auto;left:auto;margin:0;border-radius:50%;font-size:26px;\" aria-hidden=\"true\" class=\"fontawesome-icon fa-hdd fas circle-yes\"><\/i><\/span><\/div><h2 class=\"content-box-heading\" style=\"--h2_typography-font-size:22px;line-height:27px;\">Beschreibung Ihrer Stellenanzeige<\/h2><\/div><div class=\"fusion-clearfix\"><\/div><div class=\"content-container\">\n<p><span style=\"color: #a0ce4e;\"><strong>Schritt 4<\/strong><\/span><br \/>\nAuf der Seite &#8222;Anleitung&#8220; k\u00f6nnen Sie nun die Beschreibung Ihrer Anzeige erstellen sowie mehrere Kategorien ausw\u00e4hlen, um ihre Anzeige sp\u00e4ter bestm\u00f6glich filtern zu k\u00f6nnen.<br \/>\nIm zweiten Teil geben Sie bitte noch Informationen zu Ihrem B\u00fcro \/ Unternehmen an, damit Sie kontaktiert werden k\u00f6nnen.<br \/>\nWenn Sie alle n\u00f6tigen Felder angegeben haben, k\u00f6nnen Sie sich Ihre Anzeige unter &#8222;Vorschau&#8220; anzeigen lassen. Sind Sie zufrieden, k\u00f6nnen sie Ihre Anzeige mit einem Klick auf &#8222;Jobangebot senden&#8220; ver\u00f6ffentlichen.<\/p>\n<\/div><div class=\"content-box-shortcode-timeline-vertical\" style=\"border-color:#a0ce4e;left:46px;top:31px;-webkit-transition-duration: 350ms;animation-duration: 350ms;\"><\/div><\/div><\/div><div style=\"--awb-backgroundcolor:rgba(255,255,255,0);--awb-content-padding-left:82px;\" class=\"fusion-column content-box-column content-box-column content-box-column-5 col-lg-12 col-md-12 col-sm-12 fusion-content-box-hover content-box-column-last content-box-column-last-in-row\"><div class=\"col content-box-wrapper content-wrapper link-area-link-icon content-icon-wrapper-yes icon-hover-animation-fade fusion-animated\" data-animationType=\"fadeIn\" data-animationDuration=\"0.25\" data-animationOffset=\"top-into-view\"><div class=\"heading heading-with-icon icon-left\" style=\"margin-top:20px;\"><div class=\"icon\" style=\"margin-top:-20px;margin-bottom:-20px;-webkit-animation-duration: 350ms;animation-duration: 350ms;\"><span style=\"height:54px;width:54px;line-height:28px;border-color:#a0ce4e;border-width:4px;border-style:solid;background-color:#212934;margin-right:20px;box-sizing:content-box;border-radius:50%;\"><i style=\"border-color:#212934;border-width:1px;background-color:#212934;box-sizing:content-box;height:52px;width:52px;line-height:52px;border-radius:50%;position:relative;top:auto;left:auto;margin:0;border-radius:50%;font-size:26px;\" aria-hidden=\"true\" class=\"fontawesome-icon fa-hdd fas circle-yes\"><\/i><\/span><\/div><h2 class=\"content-box-heading\" style=\"--h2_typography-font-size:22px;line-height:27px;\">Fertig<\/h2><\/div><div class=\"fusion-clearfix\"><\/div><div class=\"content-container\">\n<p><span style=\"color: #a0ce4e;\"><strong>Schritt 5<\/strong><\/span><br \/>\nSie haben nun Ihre Anzeige online gestellt. Diese ist 90 Tage sichtbar.<br \/>\nSie haben auch die M\u00f6glichkeit, Ihre Anzeige zu bearbeiten oder zu l\u00f6schen. Dies k\u00f6nnen Sie unter &#8222;Job bearbeiten&#8220; erledigen.<a href=\"http:\/\/www.fs2.rwth-aachen.de\/?page_id=5449\"><br \/><\/a><\/p>\n<div ><a class=\"fusion-button button-flat fusion-button-default-size button-default fusion-button-default button-2 fusion-button-default-span fusion-button-default-type\" target=\"_self\" href=\"http:\/\/www.fs2.rwth-aachen.de\/?page_id=5449\"><span class=\"fusion-button-text awb-button__text awb-button__text--default\">Job Bearbeiten<\/span><\/a><\/div><\/div><div class=\"content-box-shortcode-timeline-vertical\" style=\"border-color:#a0ce4e;left:46px;top:31px;-webkit-transition-duration: 350ms;animation-duration: 350ms;\"><\/div><\/div><\/div><div class=\"fusion-clearfix\"><\/div><\/div><\/div><\/div><div class=\"fusion-layout-column fusion_builder_column fusion-builder-column-2 fusion_builder_column_1_4 1_4 fusion-flex-column\" style=\"--awb-bg-color:rgba(139,195,74,0.95);--awb-bg-color-hover:rgba(139,195,74,0.95);--awb-bg-size:cover;--awb-width-large:25%;--awb-margin-top-large:0px;--awb-spacing-right-large:7.68%;--awb-margin-bottom-large:20px;--awb-spacing-left-large:0px;--awb-width-medium:25%;--awb-spacing-right-medium:7.68%;--awb-spacing-left-medium:0px;--awb-width-small:100%;--awb-spacing-right-small:1.92%;--awb-spacing-left-small:1.92%;\"><div class=\"fusion-column-wrapper fusion-column-has-shadow fusion-flex-justify-content-flex-start fusion-content-layout-column\"><div class=\"fusion-separator fusion-full-width-sep\" style=\"align-self: center;margin-left: auto;margin-right: auto;margin-top:200px;width:100%;\"><\/div><i class=\"fb-icon-element-1 fb-icon-element fontawesome-icon fa-history fas circle-no\" style=\"--awb-circlecolor:rgba(51,51,51,0);--awb-font-size:70px;--awb-margin-top:0;--awb-margin-right:0;--awb-margin-bottom:0;--awb-margin-left:0;--awb-align-self:center;\"><\/i><div class=\"fusion-title title fusion-title-2 fusion-sep-none fusion-title-center fusion-title-text fusion-title-size-three\" style=\"--awb-text-color:#ffffff;\"><h3 class=\"fusion-title-heading title-heading-center\" style=\"margin:0;\"><p style=\"text-align: center;\">90 Tage Online<\/p><\/h3><\/div><div class=\"fusion-separator fusion-full-width-sep\" style=\"align-self: center;margin-left: auto;margin-right: auto;margin-top:150px;width:100%;\"><\/div><i class=\"fb-icon-element-2 fb-icon-element fontawesome-icon fa-users fas circle-no\" style=\"--awb-circlecolor:rgba(51,51,51,0);--awb-font-size:70px;--awb-margin-top:0;--awb-margin-right:0;--awb-margin-bottom:0;--awb-margin-left:0;--awb-align-self:center;\"><\/i><div class=\"fusion-title title fusion-title-3 fusion-sep-none fusion-title-center fusion-title-text fusion-title-size-three\" style=\"--awb-text-color:#ffffff;\"><h3 class=\"fusion-title-heading title-heading-center\" style=\"margin:0;\"><p style=\"text-align: center;\">1530 + Studierende<\/p><\/h3><\/div><div class=\"fusion-separator fusion-full-width-sep\" style=\"align-self: center;margin-left: auto;margin-right: auto;margin-top:150px;width:100%;\"><\/div><i class=\"fb-icon-element-3 fb-icon-element fontawesome-icon fa-check fas circle-no\" style=\"--awb-circlecolor:rgba(51,51,51,0);--awb-font-size:70px;--awb-margin-top:0;--awb-margin-right:0;--awb-margin-bottom:0;--awb-margin-left:0;--awb-align-self:center;\"><\/i><div class=\"fusion-title title fusion-title-4 fusion-sep-none fusion-title-center fusion-title-text fusion-title-size-three\" style=\"--awb-text-color:#ffffff;\"><h3 class=\"fusion-title-heading title-heading-center\" style=\"margin:0;\"><p style=\"text-align: center;\">Einfache Erstellung<\/p><\/h3><\/div><div class=\"fusion-separator fusion-full-width-sep\" style=\"align-self: center;margin-left: auto;margin-right: auto;margin-top:150px;width:100%;\"><\/div><i class=\"fb-icon-element-4 fb-icon-element fontawesome-icon fa-edit far circle-no\" style=\"--awb-circlecolor:rgba(51,51,51,0);--awb-font-size:70px;--awb-margin-top:0;--awb-margin-right:0;--awb-margin-bottom:0;--awb-margin-left:0;--awb-align-self:center;\"><\/i><div class=\"fusion-title title fusion-title-5 fusion-sep-none fusion-title-center fusion-title-text fusion-title-size-three\" style=\"--awb-text-color:#ffffff;\"><h3 class=\"fusion-title-heading title-heading-center\" style=\"margin:0;\"><p style=\"text-align: center;\">Bearbeiten<\/p><\/h3><\/div><\/div><\/div><\/div><\/div><div class=\"fusion-fullwidth fullwidth-box fusion-builder-row-3 fusion-flex-container nonhundred-percent-fullwidth non-hundred-percent-height-scrolling\" style=\"--awb-background-position:left top;--awb-border-radius-top-left:0px;--awb-border-radius-top-right:0px;--awb-border-radius-bottom-right:0px;--awb-border-radius-bottom-left:0px;--awb-padding-top:90px;--awb-padding-bottom:80px;--awb-margin-bottom:0px;--awb-background-color:#ffffff;--awb-border-sizes-top:0px;--awb-border-sizes-bottom:0px;--awb-flex-wrap:wrap;\" ><div class=\"fusion-builder-row fusion-row fusion-flex-align-items-stretch fusion-flex-content-wrap\" style=\"max-width:calc( 1200px + 0px );margin-left: calc(-0px \/ 2 );margin-right: calc(-0px \/ 2 );\"><div class=\"fusion-layout-column fusion_builder_column fusion-builder-column-3 fusion_builder_column_1_1 1_1 fusion-flex-column\" style=\"--awb-padding-top:15px;--awb-padding-right:5%;--awb-padding-bottom:15px;--awb-padding-left:5%;--awb-bg-size:cover;--awb-width-large:100%;--awb-margin-top-large:0px;--awb-spacing-right-large:0px;--awb-margin-bottom-large:20px;--awb-spacing-left-large:0px;--awb-width-medium:100%;--awb-spacing-right-medium:0px;--awb-spacing-left-medium:0px;--awb-width-small:100%;--awb-spacing-right-small:0px;--awb-spacing-left-small:0px;\"><div class=\"fusion-column-wrapper fusion-column-has-shadow fusion-flex-justify-content-center fusion-content-layout-column\"><div class=\"fusion-title title fusion-title-6 fusion-sep-none fusion-title-center fusion-title-text fusion-title-size-two\"><h2 class=\"fusion-title-heading title-heading-center\" style=\"margin:0;\">Eine M\u00f6glichkeit, viele Studierende zu erreichen<\/h2><\/div><div class=\"fusion-text fusion-text-2\"><p style=\"text-align: center;\">Mit Ihrer Stellenanzeige erreichen sie viele Studierende und Absolventen unserer Fakult\u00e4t sowie auch RWTH-Externe.<br \/>Sollten Sie spezielle Anliegen haben, k\u00f6nnen Sie uns gerne kontaktieren.<\/p>\n<\/div><div class=\"fusion-separator fusion-full-width-sep\" style=\"align-self: center;margin-left: auto;margin-right: auto;margin-top:10px;width:100%;\"><\/div><div style=\"text-align:center;\"><a class=\"fusion-button button-flat fusion-button-default-size button-default fusion-button-default button-3 fusion-button-default-span fusion-button-default-type\" target=\"_blank\" rel=\"noopener noreferrer\" href=\"http:\/\/www.fs2.rwth-aachen.de\/?page_id=5367\"><span class=\"fusion-button-text awb-button__text awb-button__text--default\">Kontakt<\/span><\/a><\/div><\/div><\/div><\/div><\/div><\/p>\n","protected":false},"excerpt":{"rendered":"","protected":false},"author":3,"featured_media":0,"parent":5441,"menu_order":0,"comment_status":"closed","ping_status":"closed","template":"100-width.php","meta":{"footnotes":""},"class_list":["post-6048","page","type-page","status-publish","hentry"],"_links":{"self":[{"href":"https:\/\/fachschaft.arch.rwth-aachen.de\/index.php?rest_route=\/wp\/v2\/pages\/6048","targetHints":{"allow":["GET"]}}],"collection":[{"href":"https:\/\/fachschaft.arch.rwth-aachen.de\/index.php?rest_route=\/wp\/v2\/pages"}],"about":[{"href":"https:\/\/fachschaft.arch.rwth-aachen.de\/index.php?rest_route=\/wp\/v2\/types\/page"}],"author":[{"embeddable":true,"href":"https:\/\/fachschaft.arch.rwth-aachen.de\/index.php?rest_route=\/wp\/v2\/users\/3"}],"replies":[{"embeddable":true,"href":"https:\/\/fachschaft.arch.rwth-aachen.de\/index.php?rest_route=%2Fwp%2Fv2%2Fcomments&post=6048"}],"version-history":[{"count":0,"href":"https:\/\/fachschaft.arch.rwth-aachen.de\/index.php?rest_route=\/wp\/v2\/pages\/6048\/revisions"}],"up":[{"embeddable":true,"href":"https:\/\/fachschaft.arch.rwth-aachen.de\/index.php?rest_route=\/wp\/v2\/pages\/5441"}],"wp:attachment":[{"href":"https:\/\/fachschaft.arch.rwth-aachen.de\/index.php?rest_route=%2Fwp%2Fv2%2Fmedia&parent=6048"}],"curies":[{"name":"wp","href":"https:\/\/api.w.org\/{rel}","templated":true}]}}