{"id":6586,"date":"2020-10-10T17:04:25","date_gmt":"2020-10-10T16:04:25","guid":{"rendered":"http:\/\/www.fs2.rwth-aachen.de\/?page_id=6586"},"modified":"2022-10-11T16:05:54","modified_gmt":"2022-10-11T14:05:54","slug":"notebook","status":"publish","type":"page","link":"https:\/\/fachschaft.arch.rwth-aachen.de\/?page_id=6586","title":{"rendered":"Notebook"},"content":{"rendered":"<p><div class=\"fusion-fullwidth fullwidth-box fusion-builder-row-1 fusion-flex-container has-pattern-background has-mask-background nonhundred-percent-fullwidth non-hundred-percent-height-scrolling\" style=\"--awb-border-radius-top-left:0px;--awb-border-radius-top-right:0px;--awb-border-radius-bottom-right:0px;--awb-border-radius-bottom-left:0px;--awb-padding-top:20px;--awb-padding-bottom:20px;--awb-background-color:var(--awb-custom10);--awb-flex-wrap:wrap;\" ><div class=\"fusion-builder-row fusion-row fusion-flex-align-items-flex-start fusion-flex-content-wrap\" style=\"max-width:1248px;margin-left: calc(-4% \/ 2 );margin-right: calc(-4% \/ 2 );\"><div class=\"fusion-layout-column fusion_builder_column fusion-builder-column-0 fusion_builder_column_1_1 1_1 fusion-flex-column\" style=\"--awb-bg-size:cover;--awb-width-large:100%;--awb-margin-top-large:0px;--awb-spacing-right-large:0%;--awb-margin-bottom-large:0px;--awb-spacing-left-large:0%;--awb-width-medium:100%;--awb-order-medium:0;--awb-spacing-right-medium:0%;--awb-spacing-left-medium:0%;--awb-width-small:100%;--awb-order-small:0;--awb-spacing-right-small:1.92%;--awb-spacing-left-small:1.92%;\"><div class=\"fusion-column-wrapper fusion-column-has-shadow fusion-flex-justify-content-flex-start fusion-content-layout-column\"><div class=\"fusion-title title fusion-title-1 fusion-sep-none fusion-title-center fusion-title-text fusion-title-size-one\" style=\"--awb-text-color:var(--awb-color1);\"><h1 class=\"fusion-title-heading title-heading-center\" style=\"margin:0;\">Notebook<\/h1><\/div><\/div><\/div><\/div><\/div><div class=\"fusion-fullwidth fullwidth-box fusion-builder-row-2 fusion-flex-container nonhundred-percent-fullwidth non-hundred-percent-height-scrolling\" style=\"--awb-background-position:left top;--awb-border-sizes-top:0px;--awb-border-sizes-bottom:0px;--awb-border-sizes-left:0px;--awb-border-sizes-right:0px;--awb-border-radius-top-left:0px;--awb-border-radius-top-right:0px;--awb-border-radius-bottom-right:0px;--awb-border-radius-bottom-left:0px;--awb-padding-top:100px;--awb-padding-bottom:60px;--awb-flex-wrap:wrap;\" ><div class=\"fusion-builder-row fusion-row fusion-flex-align-items-flex-start fusion-flex-content-wrap\" style=\"max-width:calc( 1200px + 0px );margin-left: calc(-0px \/ 2 );margin-right: calc(-0px \/ 2 );\"><div class=\"fusion-layout-column fusion_builder_column fusion-builder-column-1 fusion_builder_column_1_1 1_1 fusion-flex-column fusion-flex-align-self-flex-start fusion-column-no-min-height\" style=\"--awb-bg-blend:overlay;--awb-bg-size:cover;--awb-width-large:100%;--awb-margin-top-large:0px;--awb-spacing-right-large:0px;--awb-margin-bottom-large:0px;--awb-spacing-left-large:0px;--awb-width-medium:100%;--awb-spacing-right-medium:0px;--awb-spacing-left-medium:0px;--awb-width-small:100%;--awb-spacing-right-small:0px;--awb-spacing-left-small:0px;\"><div class=\"fusion-column-wrapper fusion-flex-justify-content-flex-start fusion-content-layout-column\"><div class=\"fusion-text fusion-text-1\"><p>Im ersten Semester wird viel mit der Hand, aber auch am Notebook gezeichnet.<br \/>\nAufgrund der aktuellen Lage, ist es notwendig bereits zum Semesterbeginn ein CAD f\u00e4higes Notebook zu besitzen.<br \/>\nZu Beginn des Studiums werden weniger aufwendige CAD Zeichnungen im 2D Bereich erstellt. Daher,\u00a0<strong>reicht eventuell eurer altes Notebook aus<\/strong>. Ihr k\u00f6nnt euch das Geld erstmals sparen und bekommt sp\u00e4ter f\u00fcr das gleiche Geld ein besseres Notebook.<\/p>\n<p>Wenn ihr\u00a0 noch kein Notebook besitz oder euer Notebook\u00a0 schon veraltet ist und ihr \u00fcberlegt euch ein neues f\u00fcr das Architektur Studium anzuschaffen, dann m\u00f6chten wir euch einmal erkl\u00e4ren worauf ihr beim Kauf achten solltet und was wir euch empfehlen.<\/p>\n<div class=\"fusion-video fusion-youtube\" data-autoplay=\"1\">\n<div class=\"video-shortcode\"><\/div>\n<\/div>\n<\/div><div class=\"fusion-video fusion-youtube\" style=\"--awb-max-width:600px;--awb-max-height:360px;\"><div class=\"video-shortcode\"><div class=\"fluid-width-video-wrapper\" style=\"padding-top:60%;\" ><iframe title=\"YouTube video player 1\" src=\"https:\/\/www.youtube.com\/embed\/0qKBjLY1eIg?wmode=transparent&autoplay=0\" width=\"600\" height=\"360\" allowfullscreen allow=\"autoplay; clipboard-write; encrypted-media; gyroscope; picture-in-picture;\"><\/iframe><\/div><\/div><\/div><div class=\"fusion-text fusion-text-2\" style=\"--awb-margin-top:30px;\"><p><strong>Links zu Benchmark und Rankings<\/strong><\/p>\n<p><strong>CPU \/ Prozessor<\/strong><br \/>Benchmark Prozessor: https:\/\/www.cpubenchmark.net\/laptop.html<br \/>Vergleich Prozessor: https:\/\/www.cpu-monkey.com\/de\/<\/p>\n<p><strong>Grafikkarte<\/strong><br \/>Ranking: https:\/\/www.techrankup.com\/de\/laptops-graphics-cards-ranking\/<\/p>\n<p><strong>Kostenlose Software, die im Studium verwendet werden kann:<br \/><\/strong><a href=\"https:\/\/www.architektur-studieren.info\/tipps\/kostenlose-software\/\">Mehr Info<\/a><\/p>\n<p><strong>System Anforderung von Software:<\/strong><\/p>\n<\/div><\/div><\/div><div class=\"fusion-layout-column fusion_builder_column fusion-builder-column-2 fusion_builder_column_1_3 1_3 fusion-flex-column\" style=\"--awb-bg-size:cover;--awb-width-large:33.333333333333%;--awb-margin-top-large:0px;--awb-spacing-right-large:0px;--awb-margin-bottom-large:20px;--awb-spacing-left-large:0px;--awb-width-medium:33.333333333333%;--awb-order-medium:0;--awb-spacing-right-medium:0px;--awb-spacing-left-medium:0px;--awb-width-small:100%;--awb-order-small:0;--awb-spacing-right-small:0px;--awb-spacing-left-small:0px;\"><div class=\"fusion-column-wrapper fusion-column-has-shadow fusion-flex-justify-content-flex-start fusion-content-layout-column\"><div class=\"fusion-text fusion-text-3\"><p><strong style=\"color: var(--awb-custom10); font-size: 17px;\" data-fusion-font=\"true\">CAD \/ BIM:<\/strong><\/p>\n<p><a href=\"https:\/\/knowledge.autodesk.com\/de\/support\/autocad\/learn-explore\/caas\/sfdcarticles\/sfdcarticles\/DEU\/System-requirements-for-AutoCAD-2021-including-Specialized-Toolsets.html\">Autocad<\/a> (kostenlos f\u00fcr Studierende)<\/p>\n<p><a href=\"https:\/\/graphisoft.com\/support\/system_requirements\/AC22\/\">ArchiCAD<\/a> (kostenlos f\u00fcr Studierende)<\/p>\n<p><a href=\"https:\/\/knowledge.autodesk.com\/de\/support\/revit-products\/learn-explore\/caas\/sfdcarticles\/sfdcarticles\/DEU\/System-requirements-for-Autodesk-Revit-2021-products.html\">Revit<\/a> (kostenlos f\u00fcr Studierende)<\/p>\n<p><a href=\"https:\/\/www.allplan.com\/de\/system\/systemvoraussetzungen\/\">Allplan<\/a> (kostenlos f\u00fcr Studierende)<\/p>\n<p><a href=\"https:\/\/www.vectorworks.net\/sysreq?version=2022\">Vectorworks<\/a> (kostenlos f\u00fcr Studierende)<\/p>\n<p><a href=\"https:\/\/www.freecadweb.org\/downloads.php?lang=de\">FreeCAD<\/a> (kostenlos)<\/p>\n<\/div><\/div><\/div><div class=\"fusion-layout-column fusion_builder_column fusion-builder-column-3 fusion_builder_column_1_3 1_3 fusion-flex-column\" style=\"--awb-bg-size:cover;--awb-width-large:33.333333333333%;--awb-margin-top-large:0px;--awb-spacing-right-large:0px;--awb-margin-bottom-large:20px;--awb-spacing-left-large:0px;--awb-width-medium:33.333333333333%;--awb-order-medium:0;--awb-spacing-right-medium:0px;--awb-spacing-left-medium:0px;--awb-width-small:100%;--awb-order-small:0;--awb-spacing-right-small:0px;--awb-spacing-left-small:0px;\"><div class=\"fusion-column-wrapper fusion-column-has-shadow fusion-flex-justify-content-flex-start fusion-content-layout-column\"><div class=\"fusion-text fusion-text-4\"><p><strong style=\"font-family: var(--body_typography-font-family); font-size: 17px; font-style: var(--body_typography-font-style,normal); letter-spacing: var(--body_typography-letter-spacing); color: var(--awb-custom10);\" data-fusion-font=\"true\">3D Modelierung und Rendering:<\/strong><\/p>\n<p><a href=\"https:\/\/www.blender.org\/download\/requirements\/\">Blender<\/a> (kostenlos)<\/p>\n<p><a href=\"https:\/\/www.sketchup3d.de\/produkt\/system-voraussetzungen\/\">Sketchup<\/a> (kostenlos)<\/p>\n<p><a href=\"https:\/\/www.rhino3d.com\/7\/system-requirements\/\">Rhinoceros<\/a><\/p>\n<p><a href=\"http:\/\/maxon.net\/de\/produkte\/cinema-4d\/systemvoraussetzungen\/\">Cinema4D<\/a><\/p>\n<p><a href=\"https:\/\/knowledge.autodesk.com\/de\/support\/3ds-max\/troubleshooting\/caas\/sfdcarticles\/sfdcarticles\/DEU\/System-requirements-for-Autodesk-3ds-Max-2022.html\">3DS Max<\/a> (kostenlos f\u00fcr Studierende)<\/p>\n<p><a href=\"https:\/\/www.lumion3d.de\/systemvoraussetzungen?gclid=CjwKCAjwlID8BRAFEiwAnUoK1VH0LlJ0Udvp61jyAcipoiQSHrHpxN0YIE9wQibcS6CQAiyMDQfmCxoCwpYQAvD_BwE\">Lumion<\/a><\/p>\n<p><a href=\"https:\/\/twinmotionhelp.epicgames.com\/s\/article\/Twinmotion-System-Requirements?language=en_US\">Twinmotion<\/a><\/p><\/p>\n<\/div><\/div><\/div><div class=\"fusion-layout-column fusion_builder_column fusion-builder-column-4 fusion_builder_column_1_3 1_3 fusion-flex-column\" style=\"--awb-bg-size:cover;--awb-width-large:33.333333333333%;--awb-margin-top-large:0px;--awb-spacing-right-large:0px;--awb-margin-bottom-large:20px;--awb-spacing-left-large:0px;--awb-width-medium:33.333333333333%;--awb-order-medium:0;--awb-spacing-right-medium:0px;--awb-spacing-left-medium:0px;--awb-width-small:100%;--awb-order-small:0;--awb-spacing-right-small:0px;--awb-spacing-left-small:0px;\"><div class=\"fusion-column-wrapper fusion-column-has-shadow fusion-flex-justify-content-flex-start fusion-content-layout-column\"><div class=\"fusion-text fusion-text-5\"><p><strong style=\"font-family: var(--body_typography-font-family); font-size: 17px; font-style: var(--body_typography-font-style,normal); letter-spacing: var(--body_typography-letter-spacing); color: var(--awb-custom10);\" data-fusion-font=\"true\">Grafik- und Bildbearbeitung:<\/strong><\/p>\n<p><a href=\"https:\/\/www.gimp.org\/downloads\/install_help.html#requirements\">Gimp<\/a> (kostenlos)<\/p>\n<p><a href=\"https:\/\/affinity.help\/designer\/en-US.lproj\/index.html?page=pages\/Appendix\/system_requirements.html?title=System%20requirements\">Affinity Photo<\/a><\/p>\n<p><a href=\"https:\/\/affinity.help\/designer\/en-US.lproj\/index.html?page=pages\/Appendix\/system_requirements.html?title=System%20requirements\">Affinity Designer<\/a><\/p>\n<p><a href=\"https:\/\/helpx.adobe.com\/de\/photoshop\/system-requirements.html\">Adobe Photoshop<\/a><\/p>\n<p><a href=\"https:\/\/helpx.adobe.com\/de\/illustrator\/system-requirements.html\">Adobe Illustrator<\/a><\/p>\n<\/div><\/div><\/div><\/div><\/div><\/p>\n","protected":false},"excerpt":{"rendered":"","protected":false},"author":3,"featured_media":0,"parent":5387,"menu_order":0,"comment_status":"closed","ping_status":"closed","template":"100-width.php","meta":{"footnotes":""},"class_list":["post-6586","page","type-page","status-publish","hentry"],"_links":{"self":[{"href":"https:\/\/fachschaft.arch.rwth-aachen.de\/index.php?rest_route=\/wp\/v2\/pages\/6586","targetHints":{"allow":["GET"]}}],"collection":[{"href":"https:\/\/fachschaft.arch.rwth-aachen.de\/index.php?rest_route=\/wp\/v2\/pages"}],"about":[{"href":"https:\/\/fachschaft.arch.rwth-aachen.de\/index.php?rest_route=\/wp\/v2\/types\/page"}],"author":[{"embeddable":true,"href":"https:\/\/fachschaft.arch.rwth-aachen.de\/index.php?rest_route=\/wp\/v2\/users\/3"}],"replies":[{"embeddable":true,"href":"https:\/\/fachschaft.arch.rwth-aachen.de\/index.php?rest_route=%2Fwp%2Fv2%2Fcomments&post=6586"}],"version-history":[{"count":15,"href":"https:\/\/fachschaft.arch.rwth-aachen.de\/index.php?rest_route=\/wp\/v2\/pages\/6586\/revisions"}],"predecessor-version":[{"id":6962,"href":"https:\/\/fachschaft.arch.rwth-aachen.de\/index.php?rest_route=\/wp\/v2\/pages\/6586\/revisions\/6962"}],"up":[{"embeddable":true,"href":"https:\/\/fachschaft.arch.rwth-aachen.de\/index.php?rest_route=\/wp\/v2\/pages\/5387"}],"wp:attachment":[{"href":"https:\/\/fachschaft.arch.rwth-aachen.de\/index.php?rest_route=%2Fwp%2Fv2%2Fmedia&parent=6586"}],"curies":[{"name":"wp","href":"https:\/\/api.w.org\/{rel}","templated":true}]}}