{"id":6602,"date":"2020-10-10T17:12:56","date_gmt":"2020-10-10T16:12:56","guid":{"rendered":"http:\/\/www.fs2.rwth-aachen.de\/?page_id=6602"},"modified":"2023-10-02T15:12:03","modified_gmt":"2023-10-02T13:12:03","slug":"materialverkauf","status":"publish","type":"page","link":"https:\/\/fachschaft.arch.rwth-aachen.de\/?page_id=6602","title":{"rendered":"Materialverkauf"},"content":{"rendered":"<p><div class=\"fusion-fullwidth fullwidth-box fusion-builder-row-1 fusion-flex-container has-pattern-background has-mask-background nonhundred-percent-fullwidth non-hundred-percent-height-scrolling\" style=\"--awb-border-radius-top-left:0px;--awb-border-radius-top-right:0px;--awb-border-radius-bottom-right:0px;--awb-border-radius-bottom-left:0px;--awb-padding-top:20px;--awb-padding-bottom:20px;--awb-background-color:var(--awb-custom10);--awb-flex-wrap:wrap;\" ><div class=\"fusion-builder-row fusion-row fusion-flex-align-items-flex-start fusion-flex-content-wrap\" style=\"max-width:1248px;margin-left: calc(-4% \/ 2 );margin-right: calc(-4% \/ 2 );\"><div class=\"fusion-layout-column fusion_builder_column fusion-builder-column-0 fusion_builder_column_1_1 1_1 fusion-flex-column\" style=\"--awb-bg-size:cover;--awb-width-large:100%;--awb-margin-top-large:0px;--awb-spacing-right-large:1.92%;--awb-margin-bottom-large:0px;--awb-spacing-left-large:1.92%;--awb-width-medium:100%;--awb-order-medium:0;--awb-spacing-right-medium:1.92%;--awb-spacing-left-medium:1.92%;--awb-width-small:100%;--awb-order-small:0;--awb-spacing-right-small:1.92%;--awb-spacing-left-small:1.92%;\"><div class=\"fusion-column-wrapper fusion-column-has-shadow fusion-flex-justify-content-flex-start fusion-content-layout-column\"><div class=\"fusion-title title fusion-title-1 fusion-sep-none fusion-title-center fusion-title-text fusion-title-size-one\" style=\"--awb-text-color:var(--awb-color1);\"><h1 class=\"fusion-title-heading title-heading-center\" style=\"margin:0;\">Materialverkauf &amp; Skripte<\/h1><\/div><\/div><\/div><\/div><\/div><div class=\"fusion-fullwidth fullwidth-box fusion-builder-row-2 fusion-flex-container nonhundred-percent-fullwidth non-hundred-percent-height-scrolling\" style=\"--awb-background-position:left top;--awb-border-sizes-top:0px;--awb-border-sizes-bottom:0px;--awb-border-sizes-left:0px;--awb-border-sizes-right:0px;--awb-border-radius-top-left:0px;--awb-border-radius-top-right:0px;--awb-border-radius-bottom-right:0px;--awb-border-radius-bottom-left:0px;--awb-padding-top:100px;--awb-padding-bottom:60px;--awb-flex-wrap:wrap;\" ><div class=\"fusion-builder-row fusion-row fusion-flex-align-items-flex-start fusion-flex-content-wrap\" style=\"max-width:calc( 1200px + 0px );margin-left: calc(-0px \/ 2 );margin-right: calc(-0px \/ 2 );\"><div class=\"fusion-layout-column fusion_builder_column fusion-builder-column-1 fusion_builder_column_1_1 1_1 fusion-flex-column fusion-flex-align-self-flex-start fusion-column-no-min-height\" style=\"--awb-bg-size:cover;--awb-width-large:100%;--awb-margin-top-large:0px;--awb-spacing-right-large:0px;--awb-margin-bottom-large:0px;--awb-spacing-left-large:0px;--awb-width-medium:100%;--awb-spacing-right-medium:0px;--awb-spacing-left-medium:0px;--awb-width-small:100%;--awb-spacing-right-small:0px;--awb-spacing-left-small:0px;\"><div class=\"fusion-column-wrapper fusion-flex-justify-content-flex-start fusion-content-layout-column\"><div class=\"fusion-text fusion-text-1\"><p><span style=\"color: var(--body_typography-color); font-family: var(--body_typography-font-family); font-size: var(--body_typography-font-size); font-style: var(--body_typography-font-style,normal); letter-spacing: var(--body_typography-letter-spacing);\">Der Materialverkauf wird in der Einf\u00fchrungswoche stattfinden. Hier werdet Ihr mit allen notwendigen Werkzeugen und Materialien versorgt, die Ihr f\u00fcr den Semesterstart ben\u00f6tigt.<\/span><\/p>\n<p>Das Paket besteht aus drei Teilen.<br \/>\n\u2013 Generelle Ausstattung f\u00fcr das Architekturstudium<br \/>\n\u2013 Die Ausstattung f\u00fcr das erste Semester k\u00fcnstlerische Gestaltung<br \/>\n\u2013 Das Skript f\u00fcr Darstellende Geometrie<\/p>\n<p>Zus\u00e4tzlich verteilen wir kostenlose RWTH Beutel mit Gutscheinen, Flyern und Architekturzeitschriften, die euch einen Vorgeschmack auf das Leben als Architekturstudent geben soll.<\/p>\n<p>Falls Ihr aus irgendeinem Grund zum Semesterstart nicht in Aachen sein werdet, gibt es auch die M\u00f6glichkeit sich das Erstsemesterpaket nach Hause zu bestellen. Da wir nur eine bestimmte Anzahl zum Versand bereitstellen werden bitten wir euch dringlichst diese Option NUR zu nutzen, wenn Ihr das Paket nicht in Person abholen k\u00f6nnt. Falls Ihr das Paket nicht in der Einf\u00fchrungswoche abholen k\u00f6nnt, habt Ihr die M\u00f6glichkeit es nachtr\u00e4glich in den folgenden Wochen abzuholen.<\/p>\n<p>Das gesamte Paket wird c.a. <span style=\"color: rgb(255, 0, 0);\">259\u20ac<\/span>* kosten. Bar und Kartenzahlung m\u00f6glich.<\/p>\n<p>Au\u00dferhalb des Pakets gibt es auch weitere Skripte und Materialien, die man sich optional dazu besorgen kann. Alle dieser Skripte sind aber auch alle digital verf\u00fcgbar und somit der Kauf nicht notwendig.<\/p>\n<p>Wir freuen uns schon sehr euch zu treffen,<br \/>\nEure Fachschaft<\/p>\n<p>*Angaben ohne Gew\u00e4hr<\/p>\n<\/div><\/div><\/div><\/div><\/div><\/p>\n","protected":false},"excerpt":{"rendered":"","protected":false},"author":3,"featured_media":0,"parent":5387,"menu_order":0,"comment_status":"closed","ping_status":"closed","template":"100-width.php","meta":{"footnotes":""},"class_list":["post-6602","page","type-page","status-publish","hentry"],"_links":{"self":[{"href":"https:\/\/fachschaft.arch.rwth-aachen.de\/index.php?rest_route=\/wp\/v2\/pages\/6602","targetHints":{"allow":["GET"]}}],"collection":[{"href":"https:\/\/fachschaft.arch.rwth-aachen.de\/index.php?rest_route=\/wp\/v2\/pages"}],"about":[{"href":"https:\/\/fachschaft.arch.rwth-aachen.de\/index.php?rest_route=\/wp\/v2\/types\/page"}],"author":[{"embeddable":true,"href":"https:\/\/fachschaft.arch.rwth-aachen.de\/index.php?rest_route=\/wp\/v2\/users\/3"}],"replies":[{"embeddable":true,"href":"https:\/\/fachschaft.arch.rwth-aachen.de\/index.php?rest_route=%2Fwp%2Fv2%2Fcomments&post=6602"}],"version-history":[{"count":5,"href":"https:\/\/fachschaft.arch.rwth-aachen.de\/index.php?rest_route=\/wp\/v2\/pages\/6602\/revisions"}],"predecessor-version":[{"id":7028,"href":"https:\/\/fachschaft.arch.rwth-aachen.de\/index.php?rest_route=\/wp\/v2\/pages\/6602\/revisions\/7028"}],"up":[{"embeddable":true,"href":"https:\/\/fachschaft.arch.rwth-aachen.de\/index.php?rest_route=\/wp\/v2\/pages\/5387"}],"wp:attachment":[{"href":"https:\/\/fachschaft.arch.rwth-aachen.de\/index.php?rest_route=%2Fwp%2Fv2%2Fmedia&parent=6602"}],"curies":[{"name":"wp","href":"https:\/\/api.w.org\/{rel}","templated":true}]}}